{"id":270,"date":"2023-08-03T15:39:53","date_gmt":"2023-08-03T18:39:53","guid":{"rendered":"https:\/\/www.itacube.ita.br\/?page_id=270"},"modified":"2024-10-03T10:32:55","modified_gmt":"2024-10-03T13:32:55","slug":"sobre-nos","status":"publish","type":"page","link":"https:\/\/www.itacube.ita.br\/index.php\/sobre-nos\/","title":{"rendered":"Sobre n\u00f3s"},"content":{"rendered":"\t\t<div data-elementor-type=\"wp-page\" data-elementor-id=\"270\" class=\"elementor elementor-270\">\n\t\t\t\t\t\t\t\t\t<section class=\"elementor-section elementor-top-section elementor-element elementor-element-55589224 elementor-section-boxed elementor-section-height-default elementor-section-height-default\" data-id=\"55589224\" data-element_type=\"section\">\n\t\t\t\t\t\t<div class=\"elementor-container elementor-column-gap-default\">\n\t\t\t\t\t<div class=\"elementor-column elementor-col-100 elementor-top-column elementor-element elementor-element-401c4f25\" data-id=\"401c4f25\" data-element_type=\"column\">\n\t\t\t<div class=\"elementor-widget-wrap elementor-element-populated\">\n\t\t\t\t\t\t\t\t<div class=\"elementor-element elementor-element-26087089 elementor-widget elementor-widget-text-editor\" data-id=\"26087089\" data-element_type=\"widget\" data-widget_type=\"text-editor.default\">\n\t\t\t\t<div class=\"elementor-widget-container\">\n\t\t\t<style>\/*! elementor - v3.14.0 - 26-06-2023 *\/\n.elementor-widget-text-editor.elementor-drop-cap-view-stacked .elementor-drop-cap{background-color:#69727d;color:#fff}.elementor-widget-text-editor.elementor-drop-cap-view-framed .elementor-drop-cap{color:#69727d;border:3px solid;background-color:transparent}.elementor-widget-text-editor:not(.elementor-drop-cap-view-default) .elementor-drop-cap{margin-top:8px}.elementor-widget-text-editor:not(.elementor-drop-cap-view-default) .elementor-drop-cap-letter{width:1em;height:1em}.elementor-widget-text-editor .elementor-drop-cap{float:left;text-align:center;line-height:1;font-size:50px}.elementor-widget-text-editor .elementor-drop-cap-letter{display:inline-block}<\/style>\t\t\t\t<!-- wp:paragraph -->\n<p style=\"text-align: center;\"><span style=\"color: #ffffff;\">A ITACUBE \u00e9 uma iniciativa de alunos do ITA cujo objetivo \u00e9 proporcionar aos alunos contato com as atividades de desenvolvimento de <em>cubesats<\/em> contendo experimentos cient\u00edficos como <em>payloads<\/em> a serem embarcados em bal\u00f5es estratosf\u00e9ricos.\u00a0<\/span><\/p>\n<p style=\"text-align: center;\"><span style=\"color: #ffffff;\"><!-- \/wp:paragraph --><!-- wp:paragraph --><\/span><\/p>\n<p style=\"text-align: center;\"><span style=\"color: #ffffff;\">A proposta da iniciativa \u00e9 totalmente educacional, com projetos simples com ciclo de vida aproximado de 1 ano, de modo a proporcionar um maior aprofundamento na execu\u00e7\u00e3o do projeto.\u00a0<\/span><\/p>\n<p style=\"text-align: center;\"><span style=\"color: #ffffff;\"><!-- \/wp:paragraph --><!-- wp:paragraph --><\/span><\/p>\n<p style=\"text-align: center;\"><span style=\"color: #ffffff;\">A iniciativa tamb\u00e9m visa proporcionar um ambiente onde os alunos possam trocar experi\u00eancias entre si e com engenheiros mais experientes engajados em projetos no ITA e, para isso, a iniciativa j\u00e1 conta com o suporte t\u00e9cnico de professores especialistas na \u00e1rea. Esse interc\u00e2mbio de conhecimentos tem como objetivos secund\u00e1rios possibilitar aos alunos identificar qual \u00e1rea eles se identificam mais para, inclusive propor temas de inicia\u00e7\u00e3o cient\u00edfica, trabalhos de gradua\u00e7\u00e3o e proposta de teses de mestrado para o programa de mestrado na gradua\u00e7\u00e3o.<\/span><\/p>\n<p style=\"text-align: center;\"><span style=\"color: #ffffff;\"><!-- \/wp:paragraph --><!-- wp:image {\"id\":161,\"sizeSlug\":\"full\",\"linkDestination\":\"none\"} --><\/span><\/p>\n<figure class=\"wp-block-image size-full\"><span style=\"color: #ffffff;\"><img decoding=\"async\" loading=\"lazy\" class=\"aligncenter wp-image-344 size-full\" src=\"http:\/\/www.itacube.ita.br\/wp-content\/uploads\/2024\/10\/IMG_2323.jpg\" alt=\"\" width=\"1600\" height=\"1378\" srcset=\"https:\/\/www.itacube.ita.br\/wp-content\/uploads\/2024\/10\/IMG_2323.jpg 1600w, https:\/\/www.itacube.ita.br\/wp-content\/uploads\/2024\/10\/IMG_2323-300x258.jpg 300w, https:\/\/www.itacube.ita.br\/wp-content\/uploads\/2024\/10\/IMG_2323-1024x882.jpg 1024w, https:\/\/www.itacube.ita.br\/wp-content\/uploads\/2024\/10\/IMG_2323-768x661.jpg 768w, https:\/\/www.itacube.ita.br\/wp-content\/uploads\/2024\/10\/IMG_2323-1536x1323.jpg 1536w, https:\/\/www.itacube.ita.br\/wp-content\/uploads\/2024\/10\/IMG_2323-1232x1061.jpg 1232w, https:\/\/www.itacube.ita.br\/wp-content\/uploads\/2024\/10\/IMG_2323-1254x1080.jpg 1254w\" sizes=\"(max-width: 1600px) 100vw, 1600px\" \/><\/span><\/figure>\n<p style=\"text-align: center;\"><span style=\"color: #ffffff;\"><!-- \/wp:image --><!-- wp:paragraph --><\/span><\/p>\n<p style=\"text-align: center;\"><span style=\"color: #ffffff;\">O projeto nasceu na disciplina de Eletr\u00f4nica Aplicada II (ELE-27), ministrada pelo Professor Tertuliano no curso de Engenharia Aeroespacial para a turma AESP22. No primeiro semestre de 2021, na disciplina, fizemos a integra\u00e7\u00e3o do <em>payload<\/em> a um m\u00f3dulo de servi\u00e7os e Esta\u00e7\u00e3o de Solo disponibilizados pelo docente da disciplina, apoiado pela Associa\u00e7\u00e3o de ex-alunos do ITA (ITAEx).<\/span><\/p>\n<p style=\"text-align: center;\"><span style=\"color: #ffffff;\"><!-- \/wp:paragraph --><!-- wp:paragraph --><\/span><\/p>\n<p style=\"text-align: center;\"><span style=\"color: #ffffff;\">Um dos requisitos exigidos na avalia\u00e7\u00e3o na disciplina envolvia o lan\u00e7amento com sucesso de um bal\u00e3o meteorol\u00f3gico \u00e0 30 km. A miss\u00e3o foi cumprida com sucesso, gra\u00e7as ao apoio da Divis\u00e3o de Ci\u00eancias Atmosf\u00e9ricas (ACA) do IAE.<\/span><\/p>\n<p style=\"text-align: center;\"><span style=\"color: #ffffff;\"><!-- \/wp:paragraph --><!-- wp:image {\"align\":\"center\",\"id\":271,\"sizeSlug\":\"full\",\"linkDestination\":\"none\"} --><\/span><\/p>\n<figure class=\"wp-block-image aligncenter size-full\"><span style=\"color: #ffffff;\"><img decoding=\"async\" loading=\"lazy\" width=\"314\" height=\"356\" class=\"wp-image-271\" src=\"http:\/\/www.itacube.ita.br\/wp-content\/uploads\/2023\/08\/noticia_itacube.png\" alt=\"\" \/><\/span><\/figure>\n<p style=\"text-align: center;\"><span style=\"color: #ffffff;\"><!-- \/wp:image --><!-- wp:paragraph --><\/span><\/p>\n<p style=\"text-align: center;\"><span style=\"color: #ffffff;\">Paralelamente, tamb\u00e9m no primeiro semestre de 2021, montou-se uma equipe, sob orienta\u00e7\u00e3o do Professor Christopher, docente da disciplina de Projetos de Sistemas Aeroespaciais (PRJ32), para a participa\u00e7\u00e3o na primeira fase da Primeira Olimp\u00edada Brasileira de Sat\u00e9lites (OBSAT), evento promovido pelo MCTIC e AEB. A equipe era composta pelo Carlos Eduardo (AESP22), Joliver (AESP22), Isabela (AESP23) e Libonatti (AESP24).<\/span><\/p>\n<p style=\"text-align: center;\"><span style=\"color: #ffffff;\"><!-- \/wp:paragraph --><!-- wp:image {\"align\":\"center\",\"id\":272,\"sizeSlug\":\"full\",\"linkDestination\":\"none\"} --><\/span><\/p>\n<figure class=\"wp-block-image aligncenter size-full\"><span style=\"color: #ffffff;\"><img decoding=\"async\" loading=\"lazy\" width=\"375\" height=\"323\" class=\"wp-image-272\" src=\"http:\/\/www.itacube.ita.br\/wp-content\/uploads\/2023\/08\/christopher.png\" alt=\"\" \/><\/span><\/figure>\n<p style=\"text-align: center;\"><span style=\"color: #ffffff;\"><!-- \/wp:image --><!-- wp:paragraph --><\/span><\/p>\n<p style=\"text-align: center;\"><span style=\"color: #ffffff;\">O projeto submetido pela nossa equipe foi escolhido para a categoria de melhores projetos e fomos premiados com um kit educacional de <em>cubesat<\/em> da empresa PION. A proposta da equipe consistiu num conjunto Esta\u00e7\u00e3o de Solo e um <em>cubesat<\/em> em uma miss\u00e3o de coleta de dados direcionada para aplica\u00e7\u00e3o de Internet das Coisas (IoT) utilizando o protocolo de comunica\u00e7\u00f5es LORA e o conceito de uma arquitetura padronizada para a Esta\u00e7\u00e3o de Solo, obedecendo os protocolos da rede TinyGS (\u201c<em>Ground Station as a service<\/em>\u201d).<\/span><\/p>\n<p style=\"text-align: center;\"><span style=\"color: #ffffff;\"><!-- \/wp:paragraph --><!-- wp:image {\"align\":\"center\",\"id\":273,\"sizeSlug\":\"full\",\"linkDestination\":\"none\"} --><\/span><\/p>\n<figure class=\"wp-block-image aligncenter size-full\"><span style=\"color: #ffffff;\"><img decoding=\"async\" loading=\"lazy\" width=\"600\" height=\"384\" class=\"wp-image-273\" src=\"http:\/\/www.itacube.ita.br\/wp-content\/uploads\/2023\/08\/pionsat.png\" alt=\"\" \/><\/span><\/figure>\n<p style=\"text-align: center;\"><span style=\"color: #ffffff;\"><!-- \/wp:image --><!-- wp:paragraph --><\/span><\/p>\n<p style=\"text-align: center;\"><span style=\"color: #ffffff;\">Em 2023 o time consolidou-se como Iniciativa t\u00e9cnica de alunos do ITA, aprovada em assembleia pelo centro acad\u00eamico com mais de 90% de aprova\u00e7\u00e3o da comunidade, demonstrando o interesse do ITEANO por iniciativas que desenvolvam as habilidades t\u00e9cnicas dos alunos.<\/span><\/p>\n<p style=\"text-align: center;\"><span style=\"color: #ffffff;\"><!-- \/wp:paragraph --><!-- wp:paragraph --><\/span><\/p>\n<p style=\"text-align: center;\"><span style=\"color: #ffffff;\">Atualmente o time \u00e9 composto por 23 membros, dentre alunos, professores e colaboradores que fazem o sonho de conquistar o espa\u00e7o se tornar uma realidade. Na ITACUBE n\u00e3o desenvolvemos apenas sat\u00e9lites com experimentos cient\u00edficos, mas sim cultivamos experi\u00eancias de vida que fazem a diferen\u00e7a na trajet\u00f3ria pessoal e profissional dos nossos membros.<\/span><\/p>\n<p style=\"text-align: center;\"><span style=\"color: #ffffff;\"><!-- \/wp:paragraph --><!-- wp:paragraph --><\/span><\/p>\n<p style=\"text-align: center;\">\u00a0<\/p>\n<!-- \/wp:paragraph -->\t\t\t\t\t\t<\/div>\n\t\t\t\t<\/div>\n\t\t\t\t\t<\/div>\n\t\t<\/div>\n\t\t\t\t\t\t\t<\/div>\n\t\t<\/section>\n\t\t\t\t\t\t\t<\/div>\n\t\t","protected":false},"excerpt":{"rendered":"<p>A ITACUBE \u00e9 uma iniciativa de alunos do ITA cujo objetivo \u00e9 proporcionar aos alunos contato com as atividades de desenvolvimento de cubesats contendo experimentos cient\u00edficos como payloads a serem embarcados em bal\u00f5es estratosf\u00e9ricos.\u00a0 A proposta da iniciativa \u00e9 totalmente educacional, com projetos simples com ciclo de vida aproximado de 1 ano, de modo a&nbsp;&hellip;<\/p>\n","protected":false},"author":3,"featured_media":0,"parent":0,"menu_order":0,"comment_status":"closed","ping_status":"closed","template":"","meta":[],"_links":{"self":[{"href":"https:\/\/www.itacube.ita.br\/index.php\/wp-json\/wp\/v2\/pages\/270"}],"collection":[{"href":"https:\/\/www.itacube.ita.br\/index.php\/wp-json\/wp\/v2\/pages"}],"about":[{"href":"https:\/\/www.itacube.ita.br\/index.php\/wp-json\/wp\/v2\/types\/page"}],"author":[{"embeddable":true,"href":"https:\/\/www.itacube.ita.br\/index.php\/wp-json\/wp\/v2\/users\/3"}],"replies":[{"embeddable":true,"href":"https:\/\/www.itacube.ita.br\/index.php\/wp-json\/wp\/v2\/comments?post=270"}],"version-history":[{"count":10,"href":"https:\/\/www.itacube.ita.br\/index.php\/wp-json\/wp\/v2\/pages\/270\/revisions"}],"predecessor-version":[{"id":372,"href":"https:\/\/www.itacube.ita.br\/index.php\/wp-json\/wp\/v2\/pages\/270\/revisions\/372"}],"wp:attachment":[{"href":"https:\/\/www.itacube.ita.br\/index.php\/wp-json\/wp\/v2\/media?parent=270"}],"curies":[{"name":"wp","href":"https:\/\/api.w.org\/{rel}","templated":true}]}}