{"id":325,"date":"2024-10-03T08:49:31","date_gmt":"2024-10-03T11:49:31","guid":{"rendered":"https:\/\/www.itacube.ita.br\/?page_id=325"},"modified":"2024-10-03T13:02:20","modified_gmt":"2024-10-03T16:02:20","slug":"entre-em-contato","status":"publish","type":"page","link":"https:\/\/www.itacube.ita.br\/index.php\/sobre-nos\/entre-em-contato\/","title":{"rendered":"Entre em Contato"},"content":{"rendered":"\t\t<div data-elementor-type=\"wp-page\" data-elementor-id=\"325\" class=\"elementor elementor-325\">\n\t\t\t\t\t\t\t\t\t<section class=\"elementor-section elementor-top-section elementor-element elementor-element-6ff017f9 elementor-section-boxed elementor-section-height-default elementor-section-height-default\" data-id=\"6ff017f9\" data-element_type=\"section\">\n\t\t\t\t\t\t<div class=\"elementor-container elementor-column-gap-default\">\n\t\t\t\t\t<div class=\"elementor-column elementor-col-100 elementor-top-column elementor-element elementor-element-47f138ef\" data-id=\"47f138ef\" data-element_type=\"column\">\n\t\t\t<div class=\"elementor-widget-wrap elementor-element-populated\">\n\t\t\t\t\t\t\t\t<div class=\"elementor-element elementor-element-44c15170 elementor-widget elementor-widget-text-editor\" data-id=\"44c15170\" data-element_type=\"widget\" data-widget_type=\"text-editor.default\">\n\t\t\t\t<div class=\"elementor-widget-container\">\n\t\t\t<style>\/*! elementor - v3.14.0 - 26-06-2023 *\/\n.elementor-widget-text-editor.elementor-drop-cap-view-stacked .elementor-drop-cap{background-color:#69727d;color:#fff}.elementor-widget-text-editor.elementor-drop-cap-view-framed .elementor-drop-cap{color:#69727d;border:3px solid;background-color:transparent}.elementor-widget-text-editor:not(.elementor-drop-cap-view-default) .elementor-drop-cap{margin-top:8px}.elementor-widget-text-editor:not(.elementor-drop-cap-view-default) .elementor-drop-cap-letter{width:1em;height:1em}.elementor-widget-text-editor .elementor-drop-cap{float:left;text-align:center;line-height:1;font-size:50px}.elementor-widget-text-editor .elementor-drop-cap-letter{display:inline-block}<\/style>\t\t\t\t<p><!-- wp:paragraph --><\/p>\n<p><span style=\"color: #ccffff;\"><strong>Ficou interessado em fazer parte da nossa fam\u00edlia? A ITACube est\u00e1 de portas abertas para fazer parcerias. Entre em contato conosco pelo nosso e-mail <span style=\"text-decoration: underline;\"><span style=\"color: #ffffff; text-decoration: underline;\">iniciativa.itacube@gp.ita.br<\/span><\/span> ou atrav\u00e9s de nossas m\u00eddias sociais.<\/strong><\/span><\/p>\n<p><!-- \/wp:paragraph --><\/p>\t\t\t\t\t\t<\/div>\n\t\t\t\t<\/div>\n\t\t\t\t<div class=\"elementor-element elementor-element-a1c704a elementor-widget elementor-widget-image\" data-id=\"a1c704a\" data-element_type=\"widget\" data-widget_type=\"image.default\">\n\t\t\t\t<div class=\"elementor-widget-container\">\n\t\t\t<style>\/*! elementor - v3.14.0 - 26-06-2023 *\/\n.elementor-widget-image{text-align:center}.elementor-widget-image a{display:inline-block}.elementor-widget-image a img[src$=\".svg\"]{width:48px}.elementor-widget-image img{vertical-align:middle;display:inline-block}<\/style>\t\t\t\t\t\t\t\t\t<figure class=\"wp-caption\">\n\t\t\t\t\t\t\t\t\t\t\t<a href=\"https:\/\/linktr.ee\/itacube\">\n\t\t\t\t\t\t\t<img decoding=\"async\" width=\"300\" height=\"293\" src=\"https:\/\/www.itacube.ita.br\/wp-content\/uploads\/2024\/10\/linktree-300x293.png\" class=\"attachment-medium size-medium wp-image-332\" alt=\"\" loading=\"lazy\" srcset=\"https:\/\/www.itacube.ita.br\/wp-content\/uploads\/2024\/10\/linktree-300x293.png 300w, https:\/\/www.itacube.ita.br\/wp-content\/uploads\/2024\/10\/linktree.png 494w\" sizes=\"(max-width: 300px) 100vw, 300px\" \/>\t\t\t\t\t\t\t\t<\/a>\n\t\t\t\t\t\t\t\t\t\t\t<figcaption class=\"widget-image-caption wp-caption-text\">Acesse nossas m\u00eddias sociais<\/figcaption>\n\t\t\t\t\t\t\t\t\t\t<\/figure>\n\t\t\t\t\t\t\t\t\t<\/div>\n\t\t\t\t<\/div>\n\t\t\t\t\t<\/div>\n\t\t<\/div>\n\t\t\t\t\t\t\t<\/div>\n\t\t<\/section>\n\t\t\t\t\t\t\t<\/div>\n\t\t","protected":false},"excerpt":{"rendered":"<p>Ficou interessado em fazer parte da nossa fam\u00edlia? A ITACube est\u00e1 de portas abertas para fazer parcerias. Entre em contato conosco pelo nosso e-mail iniciativa.itacube@gp.ita.br ou atrav\u00e9s de nossas m\u00eddias sociais. Acesse nossas m\u00eddias sociais<\/p>\n","protected":false},"author":3,"featured_media":291,"parent":270,"menu_order":0,"comment_status":"closed","ping_status":"closed","template":"","meta":[],"_links":{"self":[{"href":"https:\/\/www.itacube.ita.br\/index.php\/wp-json\/wp\/v2\/pages\/325"}],"collection":[{"href":"https:\/\/www.itacube.ita.br\/index.php\/wp-json\/wp\/v2\/pages"}],"about":[{"href":"https:\/\/www.itacube.ita.br\/index.php\/wp-json\/wp\/v2\/types\/page"}],"author":[{"embeddable":true,"href":"https:\/\/www.itacube.ita.br\/index.php\/wp-json\/wp\/v2\/users\/3"}],"replies":[{"embeddable":true,"href":"https:\/\/www.itacube.ita.br\/index.php\/wp-json\/wp\/v2\/comments?post=325"}],"version-history":[{"count":12,"href":"https:\/\/www.itacube.ita.br\/index.php\/wp-json\/wp\/v2\/pages\/325\/revisions"}],"predecessor-version":[{"id":411,"href":"https:\/\/www.itacube.ita.br\/index.php\/wp-json\/wp\/v2\/pages\/325\/revisions\/411"}],"up":[{"embeddable":true,"href":"https:\/\/www.itacube.ita.br\/index.php\/wp-json\/wp\/v2\/pages\/270"}],"wp:featuredmedia":[{"embeddable":true,"href":"https:\/\/www.itacube.ita.br\/index.php\/wp-json\/wp\/v2\/media\/291"}],"wp:attachment":[{"href":"https:\/\/www.itacube.ita.br\/index.php\/wp-json\/wp\/v2\/media?parent=325"}],"curies":[{"name":"wp","href":"https:\/\/api.w.org\/{rel}","templated":true}]}}