{"id":397,"date":"2024-10-03T13:01:44","date_gmt":"2024-10-03T16:01:44","guid":{"rendered":"https:\/\/www.itacube.ita.br\/?page_id=397"},"modified":"2024-10-03T13:52:40","modified_gmt":"2024-10-03T16:52:40","slug":"publicacoes","status":"publish","type":"page","link":"https:\/\/www.itacube.ita.br\/index.php\/publicacoes\/","title":{"rendered":"Publica\u00e7\u00f5es"},"content":{"rendered":"\t\t<div data-elementor-type=\"wp-page\" data-elementor-id=\"397\" class=\"elementor elementor-397\">\n\t\t\t\t\t\t\t\t\t<section class=\"elementor-section elementor-top-section elementor-element elementor-element-b717a7d elementor-section-boxed elementor-section-height-default elementor-section-height-default\" data-id=\"b717a7d\" data-element_type=\"section\">\n\t\t\t\t\t\t<div class=\"elementor-container elementor-column-gap-default\">\n\t\t\t\t\t<div class=\"elementor-column elementor-col-100 elementor-top-column elementor-element elementor-element-5ba15f7\" data-id=\"5ba15f7\" data-element_type=\"column\">\n\t\t\t<div class=\"elementor-widget-wrap elementor-element-populated\">\n\t\t\t\t\t\t\t\t<div class=\"elementor-element elementor-element-f555028 elementor-widget elementor-widget-text-editor\" data-id=\"f555028\" data-element_type=\"widget\" data-widget_type=\"text-editor.default\">\n\t\t\t\t<div class=\"elementor-widget-container\">\n\t\t\t<style>\/*! elementor - v3.14.0 - 26-06-2023 *\/\n.elementor-widget-text-editor.elementor-drop-cap-view-stacked .elementor-drop-cap{background-color:#69727d;color:#fff}.elementor-widget-text-editor.elementor-drop-cap-view-framed .elementor-drop-cap{color:#69727d;border:3px solid;background-color:transparent}.elementor-widget-text-editor:not(.elementor-drop-cap-view-default) .elementor-drop-cap{margin-top:8px}.elementor-widget-text-editor:not(.elementor-drop-cap-view-default) .elementor-drop-cap-letter{width:1em;height:1em}.elementor-widget-text-editor .elementor-drop-cap{float:left;text-align:center;line-height:1;font-size:50px}.elementor-widget-text-editor .elementor-drop-cap-letter{display:inline-block}<\/style>\t\t\t\t<p><a href=\"http:\/\/www.itacube.ita.br\/wp-content\/uploads\/2024\/10\/Analise-dos-Dados-de-Temperatura-e-Pressao-Atmosferica-Obtidos-por-um-Sensor-GY-87-no-CubeSat-Curie-2.pdf\"><strong><span style=\"color: #ffffff;\">A ITACube tamb\u00e9m preza pelo desenvolvimento acad\u00eamico de seus membros. Por isso estamos sempre propondo temas de inicia\u00e7\u00e3o cient\u00edfica que s\u00e3o orientados pelos nosso professores parceiros. Al\u00e9m disso, muitos trabalhos acad\u00eamicos como, monografias, trabalhos de gradua\u00e7\u00e3o, disserta\u00e7\u00f5es e teses s\u00e3o desenvolvidos pela equipe.<\/span><\/strong> <\/a><\/p>\n<p>\u00a0<\/p>\n<p><strong><span style=\"color: #ffffff;\">Esta p\u00e1gina \u00e9 dedicada a divulgar esses trabalhos.<\/span><\/strong><\/p>\t\t\t\t\t\t<\/div>\n\t\t\t\t<\/div>\n\t\t\t\t\t<\/div>\n\t\t<\/div>\n\t\t\t\t\t\t\t<\/div>\n\t\t<\/section>\n\t\t\t\t<section class=\"elementor-section elementor-top-section elementor-element elementor-element-65de4725 elementor-section-boxed elementor-section-height-default elementor-section-height-default\" data-id=\"65de4725\" data-element_type=\"section\">\n\t\t\t\t\t\t<div class=\"elementor-container elementor-column-gap-default\">\n\t\t\t\t\t<div class=\"elementor-column elementor-col-100 elementor-top-column elementor-element elementor-element-111a81a4\" data-id=\"111a81a4\" data-element_type=\"column\">\n\t\t\t<div class=\"elementor-widget-wrap elementor-element-populated\">\n\t\t\t\t\t\t\t\t<div class=\"elementor-element elementor-element-5fdd9122 elementor-widget elementor-widget-text-editor\" data-id=\"5fdd9122\" data-element_type=\"widget\" data-widget_type=\"text-editor.default\">\n\t\t\t\t<div class=\"elementor-widget-container\">\n\t\t\t\t\t\t\t<p><!-- wp:paragraph --><\/p>\n<p><span style=\"color: #00ccff;\"><a style=\"color: #00ccff;\" href=\"http:\/\/www.itacube.ita.br\/wp-content\/uploads\/2024\/10\/KOZLOWSKI2022PROJETO-DE-SISTEMA-DE-TELEMETRIA-PARA-BALOES-METEOROLOGICOS.pdf\"><strong>PROJETO DE SISTEMA DE TELEMETRIA PARA BALOES METEOROLOGICOS<\/strong><\/a><\/span><\/p>\n<p><span style=\"color: #00ccff;\"><strong><a style=\"color: #00ccff;\" href=\"http:\/\/www.itacube.ita.br\/wp-content\/uploads\/2024\/10\/ARQUITETURA-DE-SOFTWARE-EMBARCADO-E-ENLACE-PARA-UM-CUBESAT-DE-LANCAMENTO-VIA-BALAO-ESTRATOSFERICO-1-2.pdf\">ARQUITETURA DE SOFTWARE EMBARCADO E ENLACE PARA UM CUBESAT DE LAN\u00c7AMENTO VIA BAL\u00c3O ESTRATOSF\u00c9RICO<\/a><\/strong><\/span><\/p>\n<p><span style=\"color: #00ccff;\"><strong><a style=\"color: #00ccff;\" href=\"http:\/\/www.itacube.ita.br\/wp-content\/uploads\/2024\/10\/PROJETO-DE-HARDWARE-DE-UM-CUBESAT-PARA-LANCAMENTO-VIA-BALAO-ESTRATOSFERICO-1-2.pdf\">PROJETO DE HARDWARE DE UM CUBESAT PARA LAN\u00c7AMENTO VIA BAL\u00c3O ESTRATOSF\u00c9RICO<\/a><\/strong><\/span><\/p>\n<p><span style=\"color: #00ccff;\"><strong><a style=\"color: #00ccff;\" href=\"http:\/\/www.itacube.ita.br\/wp-content\/uploads\/2024\/10\/PROJETO-DE-HARDWARE-DE-UM-CUBESAT-PARA-LANCAMENTO-VIA-BALAO-ESTRATOSFERICO-1-2.pdf\">Uso de nano sat\u00e9lites em aplica\u00e7\u00f5es did\u00e1ticas no ensino m\u00e9dio brasileiro<\/a><br \/><\/strong><\/span><\/p>\n<p><span style=\"color: #00ccff;\"><strong><a style=\"color: #00ccff;\" href=\"http:\/\/www.itacube.ita.br\/wp-content\/uploads\/2024\/10\/Modelagem-e-Analise-de-Vibracoes-Aleatorias-por-Elementos-Finitos-do-CurieSAT-v2-via-Software-2.pdf\">Modelagem e An\u00e1lise de Vibra\u00e7\u00f5es Aleat\u00f3rias por Elementos Finitos do CurieSAT v2 via Software<\/a><br \/><\/strong><\/span><\/p>\n<p><span style=\"color: #00ccff;\"><strong><a style=\"color: #00ccff;\" href=\"http:\/\/www.itacube.ita.br\/wp-content\/uploads\/2024\/10\/Modelagem-computacional-da-trajetoria-de-um-balao-de-alta-altitude-1-2.pdf\">Modelagem computacional da trajetoria de um bal\u00e3o de alta altitude<\/a><br \/><\/strong><\/span><\/p>\n<p><span style=\"color: #00ccff;\"><strong><a style=\"color: #00ccff;\" href=\"http:\/\/www.itacube.ita.br\/wp-content\/uploads\/2024\/10\/Interface-IHM-para-Cubesats-Estratosfericos-2.pdf\"><span style=\"color: #0000ff;\"><span style=\"color: #00ccff;\">Interface IHM para Cubesats Estratosf\u00e9ricos<\/span><\/span><\/a><br \/><\/strong><\/span><\/p>\n<p><span style=\"color: #00ccff;\"><strong><a style=\"color: #00ccff;\" href=\"http:\/\/www.itacube.ita.br\/wp-content\/uploads\/2024\/10\/Integracao-de-dados-GPS-do-Satelite-Curie.pdf\">Integra\u00e7\u00e3o de dados GPS do Satelite Curie<\/a><\/strong><\/span><\/p>\n<div><span style=\"color: #00ccff;\"><strong><a style=\"color: #00ccff;\" href=\"http:\/\/www.itacube.ita.br\/wp-content\/uploads\/2024\/10\/Integracao-de-dados-GPS-do-Satelite-Curie.pdf\">Aplica\u00e7\u00e3o de sistemas LoRa para uso em CubeSats lan\u00e7ados por bal\u00e3o atmosf\u00e9rico<\/a><br \/><\/strong><\/span><br \/><span style=\"color: #00ccff;\"><strong><a style=\"color: #00ccff;\" href=\"http:\/\/www.itacube.ita.br\/wp-content\/uploads\/2024\/10\/Koslowski2022balloon-born-plataform-devellopment-to-study-low-earth-atmospheric-experiments-2.pdf\">Balloon-born-plataform-devellopment-to-study-low-earth-atmospheric-experiments<\/a><br \/><\/strong><\/span><br \/><span style=\"color: #00ccff;\"><strong><a style=\"color: #00ccff;\" href=\"http:\/\/www.itacube.ita.br\/wp-content\/uploads\/2024\/10\/Analise-dos-Dados-de-Temperatura-e-Pressao-Atmosferica-Obtidos-por-um-Sensor-GY-87-no-CubeSat-Curie-2.pdf\">An\u00e1lise dos Dados de Temperatura e Press\u00e3o Atmosf\u00e9rica Obtidos por um Sensor GY-87 no CubeSat Curie<\/a><\/strong><\/span><\/div>\n<p><span style=\"color: #00ccff;\"><strong><!-- \/wp:paragraph --><!-- wp:file {\"id\":403,\"href\":\"http:\/\/www.itacube.ita.br\/wp-content\/uploads\/2024\/10\/Koslowski2022balloon-born-plataform-devellopment-to-study-low-earth-atmospheric-experiments.pdf\",\"displayPreview\":true} --><\/strong><\/span><\/p>\n<div><span style=\"color: #00ccff;\"><strong>\u00a0<\/strong><\/span><\/div>\n<p><!-- \/wp:file --><\/p>\t\t\t\t\t\t<\/div>\n\t\t\t\t<\/div>\n\t\t\t\t\t<\/div>\n\t\t<\/div>\n\t\t\t\t\t\t\t<\/div>\n\t\t<\/section>\n\t\t\t\t\t\t\t<\/div>\n\t\t","protected":false},"excerpt":{"rendered":"<p>A ITACube tamb\u00e9m preza pelo desenvolvimento acad\u00eamico de seus membros. Por isso estamos sempre propondo temas de inicia\u00e7\u00e3o cient\u00edfica que s\u00e3o orientados pelos nosso professores parceiros. Al\u00e9m disso, muitos trabalhos acad\u00eamicos como, monografias, trabalhos de gradua\u00e7\u00e3o, disserta\u00e7\u00f5es e teses s\u00e3o desenvolvidos pela equipe. \u00a0 Esta p\u00e1gina \u00e9 dedicada a divulgar esses trabalhos. PROJETO DE SISTEMA&nbsp;&hellip;<\/p>\n","protected":false},"author":3,"featured_media":0,"parent":0,"menu_order":0,"comment_status":"closed","ping_status":"closed","template":"elementor_header_footer","meta":[],"_links":{"self":[{"href":"https:\/\/www.itacube.ita.br\/index.php\/wp-json\/wp\/v2\/pages\/397"}],"collection":[{"href":"https:\/\/www.itacube.ita.br\/index.php\/wp-json\/wp\/v2\/pages"}],"about":[{"href":"https:\/\/www.itacube.ita.br\/index.php\/wp-json\/wp\/v2\/types\/page"}],"author":[{"embeddable":true,"href":"https:\/\/www.itacube.ita.br\/index.php\/wp-json\/wp\/v2\/users\/3"}],"replies":[{"embeddable":true,"href":"https:\/\/www.itacube.ita.br\/index.php\/wp-json\/wp\/v2\/comments?post=397"}],"version-history":[{"count":37,"href":"https:\/\/www.itacube.ita.br\/index.php\/wp-json\/wp\/v2\/pages\/397\/revisions"}],"predecessor-version":[{"id":470,"href":"https:\/\/www.itacube.ita.br\/index.php\/wp-json\/wp\/v2\/pages\/397\/revisions\/470"}],"wp:attachment":[{"href":"https:\/\/www.itacube.ita.br\/index.php\/wp-json\/wp\/v2\/media?parent=397"}],"curies":[{"name":"wp","href":"https:\/\/api.w.org\/{rel}","templated":true}]}}